{"id":47,"date":"2025-05-08T07:42:06","date_gmt":"2025-05-08T07:42:06","guid":{"rendered":"https:\/\/koenen-nettetal.de\/costarica\/?page_id=47"},"modified":"2025-05-29T05:01:25","modified_gmt":"2025-05-29T03:01:25","slug":"blog","status":"publish","type":"page","link":"https:\/\/koenen-nettetal.de\/costarica\/index.php\/blog\/","title":{"rendered":"Blog"},"content":{"rendered":"<ul class=\"wp-block-latest-posts__list has-dates wp-block-latest-posts\"><li><a class=\"wp-block-latest-posts__post-title\" href=\"https:\/\/koenen-nettetal.de\/costarica\/index.php\/2025\/06\/06\/abreise\/\">Abreise<\/a><time datetime=\"2025-06-06T17:21:35+02:00\" class=\"wp-block-latest-posts__post-date\">06.06.2025<\/time><div class=\"wp-block-latest-posts__post-excerpt\">Heute Morgen gab es ein letztes traditionelles Fr\u00fchst\u00fcck mit \u201eGallo Pinto\u201c (Reis mit Bohnen) Danach haben wir uns nur schwer die Zeit bis 16h vertreiben\u2026\u00a0<a class=\"wp-block-latest-posts__read-more\" href=\"https:\/\/koenen-nettetal.de\/costarica\/index.php\/2025\/06\/06\/abreise\/\" rel=\"noopener noreferrer\"><span class=\"screen-reader-text\">Abreise <\/span>weiterlesen<\/a><\/div><\/li>\n<li><a class=\"wp-block-latest-posts__post-title\" href=\"https:\/\/koenen-nettetal.de\/costarica\/index.php\/2025\/06\/05\/rueckreise-manuel-antonio\/\">R\u00fcckreise Manuel Antonio<\/a><time datetime=\"2025-06-05T05:36:22+02:00\" class=\"wp-block-latest-posts__post-date\">05.06.2025<\/time><div class=\"wp-block-latest-posts__post-excerpt\">Heute haben wir unsere letzte Station am Flughafen in San Jos\u00e9 erreicht und bleiben eine Nacht. Die Kinder haben auch die letzte l\u00e4ngere Fahrt (ca.\u2026\u00a0<a class=\"wp-block-latest-posts__read-more\" href=\"https:\/\/koenen-nettetal.de\/costarica\/index.php\/2025\/06\/05\/rueckreise-manuel-antonio\/\" rel=\"noopener noreferrer\"><span class=\"screen-reader-text\">R\u00fcckreise Manuel Antonio <\/span>weiterlesen<\/a><\/div><\/li>\n<li><a class=\"wp-block-latest-posts__post-title\" href=\"https:\/\/koenen-nettetal.de\/costarica\/index.php\/2025\/06\/04\/quepos-manuel-antonio\/\">Quepos \/ Manuel Antonio<\/a><time datetime=\"2025-06-04T07:21:19+02:00\" class=\"wp-block-latest-posts__post-date\">04.06.2025<\/time><div class=\"wp-block-latest-posts__post-excerpt\">Gestern haben wir von anderen Deutschen mit Kindern einen Strand empfohlen bekommen, den wir heute Vormittag dann besucht haben Auf dem Weg gab es dann\u2026\u00a0<a class=\"wp-block-latest-posts__read-more\" href=\"https:\/\/koenen-nettetal.de\/costarica\/index.php\/2025\/06\/04\/quepos-manuel-antonio\/\" rel=\"noopener noreferrer\"><span class=\"screen-reader-text\">Quepos \/ Manuel Antonio <\/span>weiterlesen<\/a><\/div><\/li>\n<li><a class=\"wp-block-latest-posts__post-title\" href=\"https:\/\/koenen-nettetal.de\/costarica\/index.php\/2025\/06\/03\/manuel-antonio-nationalpark\/\">Manuel Antonio Nationalpark<\/a><time datetime=\"2025-06-03T04:13:23+02:00\" class=\"wp-block-latest-posts__post-date\">03.06.2025<\/time><div class=\"wp-block-latest-posts__post-excerpt\">Heute Morgen ging es in den bekanntesten Nationalpark Costa Ricas. Der Park ist so touristisch und \u00fcberlaufen, dass schon die Anreise nervig war &#8211; Lauter\u2026\u00a0<a class=\"wp-block-latest-posts__read-more\" href=\"https:\/\/koenen-nettetal.de\/costarica\/index.php\/2025\/06\/03\/manuel-antonio-nationalpark\/\" rel=\"noopener noreferrer\"><span class=\"screen-reader-text\">Manuel Antonio Nationalpark <\/span>weiterlesen<\/a><\/div><\/li>\n<li><a class=\"wp-block-latest-posts__post-title\" href=\"https:\/\/koenen-nettetal.de\/costarica\/index.php\/2025\/06\/02\/anreise-quepos-manuel-antonio\/\">Anreise Quepos \/ Manuel Antonio<\/a><time datetime=\"2025-06-02T03:07:19+02:00\" class=\"wp-block-latest-posts__post-date\">02.06.2025<\/time><div class=\"wp-block-latest-posts__post-excerpt\">Heute haben wir uns aus Monteverde verabschiedet \u2026 \u2026 und unsere (vor-)letzte Station erreicht. Die Fahrt hat mit Pausen wieder knapp 4,5h gedauert. \u00dcber Serpentinen\u2026\u00a0<a class=\"wp-block-latest-posts__read-more\" href=\"https:\/\/koenen-nettetal.de\/costarica\/index.php\/2025\/06\/02\/anreise-quepos-manuel-antonio\/\" rel=\"noopener noreferrer\"><span class=\"screen-reader-text\">Anreise Quepos \/ Manuel Antonio <\/span>weiterlesen<\/a><\/div><\/li>\n<li><a class=\"wp-block-latest-posts__post-title\" href=\"https:\/\/koenen-nettetal.de\/costarica\/index.php\/2025\/06\/01\/monteverde\/\">Monteverde<\/a><time datetime=\"2025-06-01T03:16:15+02:00\" class=\"wp-block-latest-posts__post-date\">01.06.2025<\/time><div class=\"wp-block-latest-posts__post-excerpt\">Wir haben unsere einzige Unterkunft ohne Pool bezogen, ABER Am Vormittag haben wir dann eine Tour durch den Nationalpark &amp; Cloud Forest unternommen Am Nachmittag\u2026\u00a0<a class=\"wp-block-latest-posts__read-more\" href=\"https:\/\/koenen-nettetal.de\/costarica\/index.php\/2025\/06\/01\/monteverde\/\" rel=\"noopener noreferrer\"><span class=\"screen-reader-text\">Monteverde <\/span>weiterlesen<\/a><\/div><\/li>\n<li><a class=\"wp-block-latest-posts__post-title\" href=\"https:\/\/koenen-nettetal.de\/costarica\/index.php\/2025\/05\/31\/anreise-monteverde\/\">Anreise Monteverde<\/a><time datetime=\"2025-05-31T04:53:35+02:00\" class=\"wp-block-latest-posts__post-date\">31.05.2025<\/time><div class=\"wp-block-latest-posts__post-excerpt\">Heute sind wir &#8211; nach Fr\u00fchst\u00fcck und einer kurzen Abk\u00fchlung im Pool &#8211; nach Monteverde gefahren. 4h f\u00fcr 150km haben wir gebraucht, auch aufgrund von\u2026\u00a0<a class=\"wp-block-latest-posts__read-more\" href=\"https:\/\/koenen-nettetal.de\/costarica\/index.php\/2025\/05\/31\/anreise-monteverde\/\" rel=\"noopener noreferrer\"><span class=\"screen-reader-text\">Anreise Monteverde <\/span>weiterlesen<\/a><\/div><\/li>\n<li><a class=\"wp-block-latest-posts__post-title\" href=\"https:\/\/koenen-nettetal.de\/costarica\/index.php\/2025\/05\/30\/samara-tag-3\/\">Samara &#8211; Tag 3<\/a><time datetime=\"2025-05-30T05:52:42+02:00\" class=\"wp-block-latest-posts__post-date\">30.05.2025<\/time><div class=\"wp-block-latest-posts__post-excerpt\">W\u00e4hrend in Deutschland Christi Himmelfahrt \/ Vatertag gefeiert wird, verbringen wir unseren letzten Tag in Samara. Zur Entspannung gab es das \u00fcbliche Programm &#8211; Vormittags\u2026\u00a0<a class=\"wp-block-latest-posts__read-more\" href=\"https:\/\/koenen-nettetal.de\/costarica\/index.php\/2025\/05\/30\/samara-tag-3\/\" rel=\"noopener noreferrer\"><span class=\"screen-reader-text\">Samara &#8211; Tag 3 <\/span>weiterlesen<\/a><\/div><\/li>\n<li><a class=\"wp-block-latest-posts__post-title\" href=\"https:\/\/koenen-nettetal.de\/costarica\/index.php\/2025\/05\/29\/samara-tag-2\/\">Samara &#8211; Tag 2<\/a><time datetime=\"2025-05-29T02:42:27+02:00\" class=\"wp-block-latest-posts__post-date\">29.05.2025<\/time><div class=\"wp-block-latest-posts__post-excerpt\">Heute haben wir &#8211; wie gestern &#8211; den Vormittag am Pazifikstrand verbracht und den Nachmittag am Pool &#8211; nach den vielen Erlebnissen entspannen wir nun\u2026\u00a0<a class=\"wp-block-latest-posts__read-more\" href=\"https:\/\/koenen-nettetal.de\/costarica\/index.php\/2025\/05\/29\/samara-tag-2\/\" rel=\"noopener noreferrer\"><span class=\"screen-reader-text\">Samara &#8211; Tag 2 <\/span>weiterlesen<\/a><\/div><\/li>\n<li><a class=\"wp-block-latest-posts__post-title\" href=\"https:\/\/koenen-nettetal.de\/costarica\/index.php\/2025\/05\/28\/samara-puerto-carillo-tag-1\/\">Samara \/ Puerto Carillo &#8211; Tag 1<\/a><time datetime=\"2025-05-28T01:37:02+02:00\" class=\"wp-block-latest-posts__post-date\">28.05.2025<\/time><div class=\"wp-block-latest-posts__post-excerpt\">Heute Vormittag haben wir den Strand besucht &#8211; unser Hotel hat einen super Service Wir kamen uns dekadent vor mit diesem Service \ud83d\ude0e\ud83e\udd2d Die Kinder\u2026\u00a0<a class=\"wp-block-latest-posts__read-more\" href=\"https:\/\/koenen-nettetal.de\/costarica\/index.php\/2025\/05\/28\/samara-puerto-carillo-tag-1\/\" rel=\"noopener noreferrer\"><span class=\"screen-reader-text\">Samara \/ Puerto Carillo &#8211; Tag 1 <\/span>weiterlesen<\/a><\/div><\/li>\n<li><a class=\"wp-block-latest-posts__post-title\" href=\"https:\/\/koenen-nettetal.de\/costarica\/index.php\/2025\/05\/27\/anreise-samara\/\">Anreise Samara<\/a><time datetime=\"2025-05-27T00:50:39+02:00\" class=\"wp-block-latest-posts__post-date\">27.05.2025<\/time><div class=\"wp-block-latest-posts__post-excerpt\">Durch die Berge ans Meer &#8211; das beschreibt unseren Trip heute recht gut. Den zeitlich vermutlich l\u00e4ngsten Abschnitt haben wir heute hinter uns gebracht. Die\u2026\u00a0<a class=\"wp-block-latest-posts__read-more\" href=\"https:\/\/koenen-nettetal.de\/costarica\/index.php\/2025\/05\/27\/anreise-samara\/\" rel=\"noopener noreferrer\"><span class=\"screen-reader-text\">Anreise Samara <\/span>weiterlesen<\/a><\/div><\/li>\n<li><a class=\"wp-block-latest-posts__post-title\" href=\"https:\/\/koenen-nettetal.de\/costarica\/index.php\/2025\/05\/26\/la-fortuna-ziplines\/\">La Fortuna &#8211; Ziplines<\/a><time datetime=\"2025-05-26T02:48:56+02:00\" class=\"wp-block-latest-posts__post-date\">26.05.2025<\/time><div class=\"wp-block-latest-posts__post-excerpt\">Heute ist unser letzter Tag in La Fortuna und Benjamin &amp; ich haben einen Seilbahn Parkour bestritten. Die Seilbahnen verliefen durch den Regenwald und waren\u2026\u00a0<a class=\"wp-block-latest-posts__read-more\" href=\"https:\/\/koenen-nettetal.de\/costarica\/index.php\/2025\/05\/26\/la-fortuna-ziplines\/\" rel=\"noopener noreferrer\"><span class=\"screen-reader-text\">La Fortuna &#8211; Ziplines <\/span>weiterlesen<\/a><\/div><\/li>\n<li><a class=\"wp-block-latest-posts__post-title\" href=\"https:\/\/koenen-nettetal.de\/costarica\/index.php\/2025\/05\/25\/la-fortuna-hanging-bridges\/\">La Fortuna &#8211; Hanging Bridges<\/a><time datetime=\"2025-05-25T03:15:25+02:00\" class=\"wp-block-latest-posts__post-date\">25.05.2025<\/time><div class=\"wp-block-latest-posts__post-excerpt\">Das Fr\u00fchst\u00fcck am Morgen hat uns \u00fcberrascht &#8211; bislang waren wir immer nur in kleinen Hotels \/ Lodges mit ca. 20 G\u00e4sten &#8211; hier ist\u2026\u00a0<a class=\"wp-block-latest-posts__read-more\" href=\"https:\/\/koenen-nettetal.de\/costarica\/index.php\/2025\/05\/25\/la-fortuna-hanging-bridges\/\" rel=\"noopener noreferrer\"><span class=\"screen-reader-text\">La Fortuna &#8211; Hanging Bridges <\/span>weiterlesen<\/a><\/div><\/li>\n<li><a class=\"wp-block-latest-posts__post-title\" href=\"https:\/\/koenen-nettetal.de\/costarica\/index.php\/2025\/05\/24\/reise-nach-la-fortuna\/\">Reise nach La Fortuna<\/a><time datetime=\"2025-05-24T04:06:37+02:00\" class=\"wp-block-latest-posts__post-date\">24.05.2025<\/time><div class=\"wp-block-latest-posts__post-excerpt\">Heute morgen haben wir Boca Tapada verlassen und sind nach La Fortuna an den Fu\u00df vom Vulkan Arenal gefahren. Unsere vorherige Anlage war schon gro\u00df,\u2026\u00a0<a class=\"wp-block-latest-posts__read-more\" href=\"https:\/\/koenen-nettetal.de\/costarica\/index.php\/2025\/05\/24\/reise-nach-la-fortuna\/\" rel=\"noopener noreferrer\"><span class=\"screen-reader-text\">Reise nach La Fortuna <\/span>weiterlesen<\/a><\/div><\/li>\n<li><a class=\"wp-block-latest-posts__post-title\" href=\"https:\/\/koenen-nettetal.de\/costarica\/index.php\/2025\/05\/23\/zum-regenwald-gehoert-auch-regen\/\">Zum Regenwald geh\u00f6rt auch Regen<\/a><time datetime=\"2025-05-23T00:50:44+02:00\" class=\"wp-block-latest-posts__post-date\">23.05.2025<\/time><div class=\"wp-block-latest-posts__post-excerpt\">Heute Vormittag hat es viel geregnet- geh\u00f6rt eben dazu, wenn man im Regenwald wohnt. Gestern Nacht wurden wir von K\u00e4fern in unserer H\u00fctte heimgesucht &#8211;\u2026\u00a0<a class=\"wp-block-latest-posts__read-more\" href=\"https:\/\/koenen-nettetal.de\/costarica\/index.php\/2025\/05\/23\/zum-regenwald-gehoert-auch-regen\/\" rel=\"noopener noreferrer\"><span class=\"screen-reader-text\">Zum Regenwald geh\u00f6rt auch Regen <\/span>weiterlesen<\/a><\/div><\/li>\n<li><a class=\"wp-block-latest-posts__post-title\" href=\"https:\/\/koenen-nettetal.de\/costarica\/index.php\/2025\/05\/22\/boca-tapada-anreise\/\">Boca Tapada &#8211; Anreise<\/a><time datetime=\"2025-05-22T00:59:09+02:00\" class=\"wp-block-latest-posts__post-date\">22.05.2025<\/time><div class=\"wp-block-latest-posts__post-excerpt\">Heute hatten wir unseren n\u00e4chsten Reisetag &#8211; zur\u00fcck aus dem S\u00fcden in den Norden an die Grenze zu Nicaragua &#8211; diesmal aber ins Inland in\u2026\u00a0<a class=\"wp-block-latest-posts__read-more\" href=\"https:\/\/koenen-nettetal.de\/costarica\/index.php\/2025\/05\/22\/boca-tapada-anreise\/\" rel=\"noopener noreferrer\"><span class=\"screen-reader-text\">Boca Tapada &#8211; Anreise <\/span>weiterlesen<\/a><\/div><\/li>\n<li><a class=\"wp-block-latest-posts__post-title\" href=\"https:\/\/koenen-nettetal.de\/costarica\/index.php\/2025\/05\/21\/cahuita-letzter-tag\/\">Cahuita &#8211; Letzter Tag<\/a><time datetime=\"2025-05-21T02:42:07+02:00\" class=\"wp-block-latest-posts__post-date\">21.05.2025<\/time><div class=\"wp-block-latest-posts__post-excerpt\">Cahuita ist mit 4 N\u00e4chten unser l\u00e4ngster Aufenthalt an einer Stelle in Costa Rica (neben Samara). Heute haben wir daher auch nochmal einen ruhigen Tag\u2026\u00a0<a class=\"wp-block-latest-posts__read-more\" href=\"https:\/\/koenen-nettetal.de\/costarica\/index.php\/2025\/05\/21\/cahuita-letzter-tag\/\" rel=\"noopener noreferrer\"><span class=\"screen-reader-text\">Cahuita &#8211; Letzter Tag <\/span>weiterlesen<\/a><\/div><\/li>\n<li><a class=\"wp-block-latest-posts__post-title\" href=\"https:\/\/koenen-nettetal.de\/costarica\/index.php\/2025\/05\/20\/cahuita-nationalpark\/\">Cahuita Nationalpark<\/a><time datetime=\"2025-05-20T01:42:28+02:00\" class=\"wp-block-latest-posts__post-date\">20.05.2025<\/time><div class=\"wp-block-latest-posts__post-excerpt\">Heute morgen haben wir einen Ausflug zum Cahuita Nationalpark unternommen und \u00fcber die Lodge unseren Guide Rodolfo organisiert. Ein Guide f\u00fcr die Nationalparks lohnt sich\u2026\u00a0<a class=\"wp-block-latest-posts__read-more\" href=\"https:\/\/koenen-nettetal.de\/costarica\/index.php\/2025\/05\/20\/cahuita-nationalpark\/\" rel=\"noopener noreferrer\"><span class=\"screen-reader-text\">Cahuita Nationalpark <\/span>weiterlesen<\/a><\/div><\/li>\n<li><a class=\"wp-block-latest-posts__post-title\" href=\"https:\/\/koenen-nettetal.de\/costarica\/index.php\/2025\/05\/19\/cahuita\/\">Cahuita<\/a><time datetime=\"2025-05-19T03:20:23+02:00\" class=\"wp-block-latest-posts__post-date\">19.05.2025<\/time><div class=\"wp-block-latest-posts__post-excerpt\">Heute haben wir uns von den Anstrengungen der letzten Tage erholt und unsere Lodge genossen. Da wir alleine die Lodge bewohnen, gab es ein Fr\u00fchst\u00fcck\u2026\u00a0<a class=\"wp-block-latest-posts__read-more\" href=\"https:\/\/koenen-nettetal.de\/costarica\/index.php\/2025\/05\/19\/cahuita\/\" rel=\"noopener noreferrer\"><span class=\"screen-reader-text\">Cahuita <\/span>weiterlesen<\/a><\/div><\/li>\n<li><a class=\"wp-block-latest-posts__post-title\" href=\"https:\/\/koenen-nettetal.de\/costarica\/index.php\/2025\/05\/18\/cahuita-anreise\/\">Cahuita &#8211; Anreise<\/a><time datetime=\"2025-05-18T04:12:12+02:00\" class=\"wp-block-latest-posts__post-date\">18.05.2025<\/time><div class=\"wp-block-latest-posts__post-excerpt\">Heute war wieder Reisetag &#8211; der Tag ging entspannt in unserer Lodge los &#8211; kurz vor der Abreise wurde uns noch zum Abschied gewunken. Wie\u2026\u00a0<a class=\"wp-block-latest-posts__read-more\" href=\"https:\/\/koenen-nettetal.de\/costarica\/index.php\/2025\/05\/18\/cahuita-anreise\/\" rel=\"noopener noreferrer\"><span class=\"screen-reader-text\">Cahuita &#8211; Anreise <\/span>weiterlesen<\/a><\/div><\/li>\n<li><a class=\"wp-block-latest-posts__post-title\" href=\"https:\/\/koenen-nettetal.de\/costarica\/index.php\/2025\/05\/17\/der-tag-in-tortuguero\/\">Der Tag in Tortuguero<\/a><time datetime=\"2025-05-17T02:45:51+02:00\" class=\"wp-block-latest-posts__post-date\">17.05.2025<\/time><div class=\"wp-block-latest-posts__post-excerpt\">Heute Morgen ging es f\u00fcr uns schon fr\u00fch los &#8211; 5:30h auf zu einer Bootstour. Wir haben uns entschieden den Tag heute aufzuteilen, da es\u2026\u00a0<a class=\"wp-block-latest-posts__read-more\" href=\"https:\/\/koenen-nettetal.de\/costarica\/index.php\/2025\/05\/17\/der-tag-in-tortuguero\/\" rel=\"noopener noreferrer\"><span class=\"screen-reader-text\">Der Tag in Tortuguero <\/span>weiterlesen<\/a><\/div><\/li>\n<li><a class=\"wp-block-latest-posts__post-title\" href=\"https:\/\/koenen-nettetal.de\/costarica\/index.php\/2025\/05\/16\/tortuguero-anreise\/\">Tortuguero &#8211; Anreise<\/a><time datetime=\"2025-05-16T02:50:21+02:00\" class=\"wp-block-latest-posts__post-date\">16.05.2025<\/time><div class=\"wp-block-latest-posts__post-excerpt\">Eins vorab &#8211; heute war ein anstrengender &amp; erlebnisreicher Tag \u2026 es wird also ein l\u00e4ngerer Eintrag \ud83d\ude09 Los ging es um 6h morgens mit\u2026\u00a0<a class=\"wp-block-latest-posts__read-more\" href=\"https:\/\/koenen-nettetal.de\/costarica\/index.php\/2025\/05\/16\/tortuguero-anreise\/\" rel=\"noopener noreferrer\"><span class=\"screen-reader-text\">Tortuguero &#8211; Anreise <\/span>weiterlesen<\/a><\/div><\/li>\n<li><a class=\"wp-block-latest-posts__post-title\" href=\"https:\/\/koenen-nettetal.de\/costarica\/index.php\/2025\/05\/15\/der-1-volle-tag\/\">Der 1. (volle) Tag<\/a><time datetime=\"2025-05-15T02:32:42+02:00\" class=\"wp-block-latest-posts__post-date\">15.05.2025<\/time><div class=\"wp-block-latest-posts__post-excerpt\">Heute war unser erster Tag den wir noch in der Hauptstadt San Jos\u00e9 verbracht haben. Morgens ging es zum Meet &amp; Greet mit unserer lokalen\u2026\u00a0<a class=\"wp-block-latest-posts__read-more\" href=\"https:\/\/koenen-nettetal.de\/costarica\/index.php\/2025\/05\/15\/der-1-volle-tag\/\" rel=\"noopener noreferrer\"><span class=\"screen-reader-text\">Der 1. (volle) Tag <\/span>weiterlesen<\/a><\/div><\/li>\n<li><a class=\"wp-block-latest-posts__post-title\" href=\"https:\/\/koenen-nettetal.de\/costarica\/index.php\/2025\/05\/14\/angekommen\/\">Angekommen<\/a><time datetime=\"2025-05-14T03:02:07+02:00\" class=\"wp-block-latest-posts__post-date\">14.05.2025<\/time><div class=\"wp-block-latest-posts__post-excerpt\">Nach langem Flug sind wir gut angekommen! Die Kinder haben prima mitgemacht- jetzt m\u00fcssen wir abwarten wie die Nacht und die Zeitumstellung f\u00fcr die beiden\u2026\u00a0<a class=\"wp-block-latest-posts__read-more\" href=\"https:\/\/koenen-nettetal.de\/costarica\/index.php\/2025\/05\/14\/angekommen\/\" rel=\"noopener noreferrer\"><span class=\"screen-reader-text\">Angekommen <\/span>weiterlesen<\/a><\/div><\/li>\n<li><a class=\"wp-block-latest-posts__post-title\" href=\"https:\/\/koenen-nettetal.de\/costarica\/index.php\/2025\/05\/13\/unsere-reise-startet\/\">Unsere Reise startet<\/a><time datetime=\"2025-05-13T08:36:51+02:00\" class=\"wp-block-latest-posts__post-date\">13.05.2025<\/time><div class=\"wp-block-latest-posts__post-excerpt\">Heute sind wir gestartet auf unserem Weg nach Costa Rica &#8211; Benjamin ist sehr aufgeregt und hat sich auch auf seine erste Fahrt mit dem\u2026\u00a0<a class=\"wp-block-latest-posts__read-more\" href=\"https:\/\/koenen-nettetal.de\/costarica\/index.php\/2025\/05\/13\/unsere-reise-startet\/\" rel=\"noopener noreferrer\"><span class=\"screen-reader-text\">Unsere Reise startet <\/span>weiterlesen<\/a><\/div><\/li>\n<li><a class=\"wp-block-latest-posts__post-title\" href=\"https:\/\/koenen-nettetal.de\/costarica\/index.php\/2025\/05\/08\/unsere-reiseroute\/\">Unsere Reiseroute<\/a><time datetime=\"2025-05-08T11:20:22+02:00\" class=\"wp-block-latest-posts__post-date\">08.05.2025<\/time><div class=\"wp-block-latest-posts__post-excerpt\">Hier seht ihr unsere Reiseroute mit Zeitangaben! Ja, manchmal muss man auch f\u00fcr 200km eine 6h Fahrt rechen \ud83d\ude16 Wir sind gespannt wie die Kinder\u2026\u00a0<a class=\"wp-block-latest-posts__read-more\" href=\"https:\/\/koenen-nettetal.de\/costarica\/index.php\/2025\/05\/08\/unsere-reiseroute\/\" rel=\"noopener noreferrer\"><span class=\"screen-reader-text\">Unsere Reiseroute <\/span>weiterlesen<\/a><\/div><\/li>\n<li><a class=\"wp-block-latest-posts__post-title\" href=\"https:\/\/koenen-nettetal.de\/costarica\/index.php\/2025\/05\/08\/unsere-reise-im-detail\/\">Unsere Reise im Detail<\/a><time datetime=\"2025-05-08T07:46:45+02:00\" class=\"wp-block-latest-posts__post-date\">08.05.2025<\/time><div class=\"wp-block-latest-posts__post-excerpt\">Hier findet Ihr die Reisebeschreibung<\/div><\/li>\n<\/ul>","protected":false},"excerpt":{"rendered":"","protected":false},"author":1,"featured_media":0,"parent":0,"menu_order":0,"comment_status":"open","ping_status":"closed","template":"","meta":{"footnotes":""},"class_list":["post-47","page","type-page","status-publish","hentry"],"_links":{"self":[{"href":"https:\/\/koenen-nettetal.de\/costarica\/index.php\/wp-json\/wp\/v2\/pages\/47","targetHints":{"allow":["GET"]}}],"collection":[{"href":"https:\/\/koenen-nettetal.de\/costarica\/index.php\/wp-json\/wp\/v2\/pages"}],"about":[{"href":"https:\/\/koenen-nettetal.de\/costarica\/index.php\/wp-json\/wp\/v2\/types\/page"}],"author":[{"embeddable":true,"href":"https:\/\/koenen-nettetal.de\/costarica\/index.php\/wp-json\/wp\/v2\/users\/1"}],"replies":[{"embeddable":true,"href":"https:\/\/koenen-nettetal.de\/costarica\/index.php\/wp-json\/wp\/v2\/comments?post=47"}],"version-history":[{"count":4,"href":"https:\/\/koenen-nettetal.de\/costarica\/index.php\/wp-json\/wp\/v2\/pages\/47\/revisions"}],"predecessor-version":[{"id":87,"href":"https:\/\/koenen-nettetal.de\/costarica\/index.php\/wp-json\/wp\/v2\/pages\/47\/revisions\/87"}],"wp:attachment":[{"href":"https:\/\/koenen-nettetal.de\/costarica\/index.php\/wp-json\/wp\/v2\/media?parent=47"}],"curies":[{"name":"wp","href":"https:\/\/api.w.org\/{rel}","templated":true}]}}